{"id":223,"date":"2018-11-14T06:56:45","date_gmt":"2018-11-14T06:56:45","guid":{"rendered":"http:\/\/high-fidelity-keyschool.klavierschule-bgl.de\/?page_id=223"},"modified":"2018-11-17T14:07:20","modified_gmt":"2018-11-17T14:07:20","slug":"allgemeine-geschaeftsbedingungen","status":"publish","type":"page","link":"http:\/\/high-fidelity-keyschool.klavierschule-bgl.de\/?page_id=223","title":{"rendered":"AGB"},"content":{"rendered":"<h4>Die allgemeinen Gesch\u00e4ftsbedingungen &#8211; g\u00fcltig f\u00fcr die:<\/h4>\n<h3><\/h3>\n<h3 style=\"text-align: center;\"><span style=\"color: #003300;\"><em>Private Klavier-und Keyboardschule<\/em><\/span><\/h3>\n<h3 style=\"text-align: center;\"><span style=\"color: #003300;\"><em>High Fidelity modern Keyschool.<\/em><\/span><\/h3>\n<p><a href=\"https:\/\/musik.verdi.de\/++file++5197a2a4890e9b6f1a0002d0\/download\/AGB-Privatunterricht.pdf\"><span style=\"color: #003366;\"><strong>Download<\/strong><\/span><\/a><\/p>\n<h4><\/h4>\n<h5 style=\"text-align: left;\">Allgemeine Gesch\u00e4ftsbedingungen f\u00fcr den Privatunterricht (AGB)<\/h5>\n<div>1. Allgemeines<\/div>\n<div>F\u00fcr den Unterricht gelten ausschlie\u00dflich die nachstehenden Bedingungen. M\u00fcndliche<\/div>\n<div>Nebenabreden, \u00c4nderungen und Erg\u00e4nzungen des Unterrichtsvertrages bed\u00fcrfen der<\/div>\n<div>Schriftform. Diese Schriftformklausel kann ebenfalls nur schriftlich ge\u00e4ndert oder<\/div>\n<div>aufgehoben werden. Rechtliche Unwirksamkeit einzelner Vertragsteile ber\u00fchrt die<\/div>\n<div>G\u00fcltigkeit der \u00fcbrigen Vertragsteile nicht.<\/div>\n<div>2. Ferien<\/div>\n<div>An gesetzlichen Feiertagen und in den Schulferien des Bundeslandes _____________<\/div>\n<div>f\u00fcr allgemeinbildende Schulen f\u00e4llt der Unterricht aus, ohne dass dies Einfluss auf das<\/div>\n<div>vereinbarte Honorar hat.<\/div>\n<div>3. Unterrichtsausfall\/Krankheit<\/div>\n<div>Terminabsprachen sind grunds\u00e4tzlich mit der Lehrkraft pers\u00f6nlich zu regeln.<\/div>\n<div>Eine Absage der Unterrichtsstunde durch die Sch\u00fclerin \/ den Sch\u00fcler soll 48 Stunden<\/div>\n<div>vor dem Termin bei der Lehrkraft erfolgen. Durch die Schuld des Sch\u00fclers vers\u00e4umte<\/div>\n<div>Stunden werden nicht nachgegeben oder erstattet.<\/div>\n<div>Die Sch\u00fclerin \/ der Sch\u00fcler verpflichtet sich, nicht zum Unterricht zu erscheinen, wenn<\/div>\n<div>sie\/er so krank ist, dass f\u00fcr die Lehrkraft eine unmittelbare Ansteckungsgefahr besteht.<\/div>\n<div>Das Unterrichtshonorar bleibt hiervon unber\u00fchrt. Bei l\u00e4ngerer Erkrankung der Sch\u00fclerin<\/div>\n<div>\/ des Sch\u00fclers oder der Lehrkraft entf\u00e4llt das anteilige Honorar nach Ablauf von sechs<\/div>\n<div>Wochen.<\/div>\n<div>Durch die Schuld der Lehrkraft vers\u00e4umte Stunden werden nach- bzw. vorgegeben, die<\/div>\n<div>Lehrkraft bietet hierzu bis zu drei Ausweichtermine zur Auswahl an. Sollte der Lehrkraft<\/div>\n<div>das Nach- bzw. Vorgeben nicht m\u00f6glich sein, werden die Stunden finanziell erstattet.<\/div>\n<div>4. Honoraranhebung<\/div>\n<div>Eine Erh\u00f6hung des Unterrichtshonorars durch die Lehrkraft ist zul\u00e4ssig; doch hat sie<\/div>\n<div>nach billigem Ermessen zu erfolgen und muss mindestens 6 Wochen vorher schriftlich<\/div>\n<div>angek\u00fcndigt werden.<\/div>\n<div>5. Zahlungsverzug<\/div>\n<div>Bei Zahlungsverzug kann ein Verzugszins von f\u00fcnf Prozentpunkte \u00fcber dem<\/div>\n<div>Basiszinssatz der Bundesbank verlangt werden.<\/div>\n<div>6. K\u00fcndigung<\/div>\n<div>Die K\u00fcndigung ist mit einer Frist von 6 Wochen zum Quartalsende \/ zum 31. M\u00e4rz und<\/div>\n<div>31. September \/ zum Jahresende* zul\u00e4ssig. Zu ihrer Wirksamkeit ist die Schriftform<\/div>\n<div>erforderlich. W\u00e4hrend der Probezeit ist eine K\u00fcndigung mit Wochenfrist m\u00f6glich. Bei<\/div>\n<div>Anhebung des Unterrichtshonorars ist eine au\u00dferordentliche K\u00fcndigung zum Termin der<\/div>\n<div>Honoraranhebung m\u00f6glich.<\/div>\n<div>7. Besondere Vereinbarungen<\/div>\n<div>_____________________________________________________________________<\/div>\n<div>_____________________________________________________________________<\/div>\n<div>* Nichtzutreffendes in den eigenen AGB l\u00f6schen<\/div>\n<div>(Stand: Oktober 2010)<\/div>\n<p>&nbsp;<\/p>\n","protected":false},"excerpt":{"rendered":"<p>Die allgemeinen Gesch\u00e4ftsbedingungen &#8211; g\u00fcltig f\u00fcr die: Private Klavier-und Keyboardschule High Fidelity modern Keyschool. Download Allgemeine Gesch\u00e4ftsbedingungen f\u00fcr den Privatunterricht (AGB) 1. Allgemeines F\u00fcr den Unterricht gelten ausschlie\u00dflich die nachstehenden Bedingungen. M\u00fcndliche Nebenabreden, \u00c4nderungen und Erg\u00e4nzungen des Unterrichtsvertrages bed\u00fcrfen der Schriftform. Diese Schriftformklausel kann ebenfalls nur schriftlich ge\u00e4ndert oder aufgehoben [&hellip;]<\/p>\n","protected":false},"author":1,"featured_media":0,"parent":0,"menu_order":0,"comment_status":"closed","ping_status":"closed","template":"","meta":[],"_links":{"self":[{"href":"http:\/\/high-fidelity-keyschool.klavierschule-bgl.de\/index.php?rest_route=\/wp\/v2\/pages\/223"}],"collection":[{"href":"http:\/\/high-fidelity-keyschool.klavierschule-bgl.de\/index.php?rest_route=\/wp\/v2\/pages"}],"about":[{"href":"http:\/\/high-fidelity-keyschool.klavierschule-bgl.de\/index.php?rest_route=\/wp\/v2\/types\/page"}],"author":[{"embeddable":true,"href":"http:\/\/high-fidelity-keyschool.klavierschule-bgl.de\/index.php?rest_route=\/wp\/v2\/users\/1"}],"replies":[{"embeddable":true,"href":"http:\/\/high-fidelity-keyschool.klavierschule-bgl.de\/index.php?rest_route=%2Fwp%2Fv2%2Fcomments&post=223"}],"version-history":[{"count":5,"href":"http:\/\/high-fidelity-keyschool.klavierschule-bgl.de\/index.php?rest_route=\/wp\/v2\/pages\/223\/revisions"}],"predecessor-version":[{"id":299,"href":"http:\/\/high-fidelity-keyschool.klavierschule-bgl.de\/index.php?rest_route=\/wp\/v2\/pages\/223\/revisions\/299"}],"wp:attachment":[{"href":"http:\/\/high-fidelity-keyschool.klavierschule-bgl.de\/index.php?rest_route=%2Fwp%2Fv2%2Fmedia&parent=223"}],"curies":[{"name":"wp","href":"https:\/\/api.w.org\/{rel}","templated":true}]}}